{"id":1087,"date":"2024-01-14T15:27:18","date_gmt":"2024-01-14T14:27:18","guid":{"rendered":"https:\/\/the-office-spa.nl\/stoelmassage-in-amsterdam-op-het-werk-espanol\/"},"modified":"2026-02-24T21:50:32","modified_gmt":"2026-02-24T20:50:32","slug":"masaje-en-silla-en-amsterdam","status":"publish","type":"page","link":"https:\/\/the-office-spa.nl\/en\/masaje-en-silla-en-amsterdam\/","title":{"rendered":"Masaje en silla en \u00c1msterdam &#8211; Espa\u00f1ol"},"content":{"rendered":"<p>El masaje en silla en Amsterdam es una forma pr\u00e1ctica y eficaz de ofrecer relajaci\u00f3n y bienestar en el lugar de trabajo. Nuestros masajistas profesionales trabajan en empresas, eventos y espacios de coworking en \u00c1msterdam, proporcionando sesiones breves que reducen el estr\u00e9s, mejoran la concentraci\u00f3n y aumentan la energ\u00eda.<\/p>\n\n\n\n<p>Ofrecemos masajes en silla totalmente adaptados a las necesidades de tu equipo o evento. No se necesita camilla ni ropa especial: el masaje se realiza sobre la ropa y ocupa muy poco espacio, lo que lo convierte en una opci\u00f3n ideal para oficinas y reuniones.<\/p>\n\n\n\n<figure class=\"wp-block-image size-large is-resized\"><a href=\"https:\/\/www.linkedin.com\/company\/theofficespabedrijfsmassageamsterdam\" target=\"_blank\" rel=\" noreferrer noopener\"><img loading=\"lazy\" decoding=\"async\" width=\"768\" height=\"1024\" src=\"https:\/\/the-office-spa.nl\/wp-content\/uploads\/2023\/02\/stoelmassage-PVH-2-768x1024.jpg\" alt=\"Masaje en silla en \u00c1msterdam - Espa\u00f1ol\" class=\"wp-image-956\" style=\"aspect-ratio:0.7499882916777245;width:355px;height:auto\" srcset=\"https:\/\/the-office-spa.nl\/wp-content\/uploads\/2023\/02\/stoelmassage-PVH-2-768x1024.jpg 768w, https:\/\/the-office-spa.nl\/wp-content\/uploads\/2023\/02\/stoelmassage-PVH-2-225x300.jpg 225w, https:\/\/the-office-spa.nl\/wp-content\/uploads\/2023\/02\/stoelmassage-PVH-2-1152x1536.jpg 1152w, https:\/\/the-office-spa.nl\/wp-content\/uploads\/2023\/02\/stoelmassage-PVH-2-45x60.jpg 45w, https:\/\/the-office-spa.nl\/wp-content\/uploads\/2023\/02\/stoelmassage-PVH-2.jpg 1512w\" sizes=\"auto, (max-width: 768px) 100vw, 768px\" \/><\/a><\/figure>\n\n\n\n<h2 class=\"wp-block-heading\"><strong>Masaje en silla en \u00c1msterdam<\/strong> <strong>para empresas<\/strong><\/h2>\n\n\n\n<p>Tambi\u00e9n ofrecemos masajes en silla para ferias, conferencias, jornadas de puertas abiertas y otros eventos corporativos. Es una actividad que atrae a los visitantes, crea una experiencia positiva y aporta un toque especial a cualquier ocasi\u00f3n.<\/p>\n\n\n\n<h2 class=\"wp-block-heading\">Beneficios del masaje en silla<\/h2>\n\n\n\n<ul class=\"wp-block-list\">\n<li>Reduce el estr\u00e9s y la tensi\u00f3n muscular<\/li>\n\n\n\n<li>Mejora la concentraci\u00f3n y la energ\u00eda<\/li>\n\n\n\n<li>Aumenta el bienestar general<\/li>\n\n\n\n<li>Se adapta f\u00e1cilmente a cualquier espacio<\/li>\n\n\n\n<li>Ideal para equipos, oficinas y eventos<\/li>\n<\/ul>\n\n\n\n<h2 class=\"wp-block-heading\"><strong>Deseas m\u00e1s informaci\u00f3n o quieres reservar masajes en silla en \u00c1msterdam?<\/strong><\/h2>\n\n\n\n<p>Estaremos encantados de ayudarte. Ponte en contacto a trav\u00e9s del <a href=\"https:\/\/the-office-spa.nl\/en\/stoelmassage-amsterdam-bedrijf-contact\/\">formulario de contacto<\/a>.<\/p>","protected":false},"excerpt":{"rendered":"<p>El masaje en silla en Amsterdam es una forma pr\u00e1ctica y eficaz de ofrecer relajaci\u00f3n y bienestar en el lugar de trabajo. Nuestros masajistas profesionales trabajan en empresas, eventos y &hellip; <\/p>","protected":false},"author":3,"featured_media":0,"parent":0,"menu_order":0,"comment_status":"closed","ping_status":"closed","template":"","meta":{"footnotes":""},"class_list":["post-1087","page","type-page","status-publish","hentry"],"yoast_head":"<!-- This site is optimized with the Yoast SEO plugin v27.4 - https:\/\/yoast.com\/product\/yoast-seo-wordpress\/ -->\n<title>masaje en silla en Amsterdam<\/title>\n<meta name=\"description\" content=\"Descubre el masaje en silla en \u00c1msterdam para empresas y eventos. Sesiones efectivas que reducen el estr\u00e9s y aumentan la energ\u00eda.\" \/>\n<meta name=\"robots\" content=\"index, follow, max-snippet:-1, max-image-preview:large, max-video-preview:-1\" \/>\n<link rel=\"canonical\" href=\"https:\/\/the-office-spa.nl\/en\/masaje-en-silla-en-amsterdam\/\" \/>\n<meta property=\"og:locale\" content=\"en_GB\" \/>\n<meta property=\"og:type\" content=\"article\" \/>\n<meta property=\"og:title\" content=\"masaje en silla en Amsterdam\" \/>\n<meta property=\"og:description\" content=\"Descubre el masaje en silla en \u00c1msterdam para empresas y eventos. Sesiones efectivas que reducen el estr\u00e9s y aumentan la energ\u00eda.\" \/>\n<meta property=\"og:url\" content=\"https:\/\/the-office-spa.nl\/en\/masaje-en-silla-en-amsterdam\/\" \/>\n<meta property=\"og:site_name\" content=\"The Office Spa Stoelmassage Amsterdam\" \/>\n<meta property=\"article:modified_time\" content=\"2026-02-24T20:50:32+00:00\" \/>\n<meta property=\"og:image\" content=\"https:\/\/the-office-spa.nl\/wp-content\/uploads\/2023\/02\/stoelmassage-PVH-2.jpg\" \/>\n\t<meta property=\"og:image:width\" content=\"1512\" \/>\n\t<meta property=\"og:image:height\" content=\"2016\" \/>\n\t<meta property=\"og:image:type\" content=\"image\/jpeg\" \/>\n<meta name=\"twitter:card\" content=\"summary_large_image\" \/>\n<meta name=\"twitter:label1\" content=\"Estimated reading time\" \/>\n\t<meta name=\"twitter:data1\" content=\"2 minutes\" \/>\n<script type=\"application\/ld+json\" class=\"yoast-schema-graph\">{\"@context\":\"https:\\\/\\\/schema.org\",\"@graph\":[{\"@type\":\"WebPage\",\"@id\":\"https:\\\/\\\/the-office-spa.nl\\\/masaje-en-silla-en-amsterdam\\\/\",\"url\":\"https:\\\/\\\/the-office-spa.nl\\\/masaje-en-silla-en-amsterdam\\\/\",\"name\":\"masaje en silla en Amsterdam\",\"isPartOf\":{\"@id\":\"https:\\\/\\\/the-office-spa.nl\\\/#website\"},\"primaryImageOfPage\":{\"@id\":\"https:\\\/\\\/the-office-spa.nl\\\/masaje-en-silla-en-amsterdam\\\/#primaryimage\"},\"image\":{\"@id\":\"https:\\\/\\\/the-office-spa.nl\\\/masaje-en-silla-en-amsterdam\\\/#primaryimage\"},\"thumbnailUrl\":\"https:\\\/\\\/the-office-spa.nl\\\/wp-content\\\/uploads\\\/2023\\\/02\\\/stoelmassage-PVH-2-768x1024.jpg\",\"datePublished\":\"2024-01-14T14:27:18+00:00\",\"dateModified\":\"2026-02-24T20:50:32+00:00\",\"description\":\"Descubre el masaje en silla en \u00c1msterdam para empresas y eventos. Sesiones efectivas que reducen el estr\u00e9s y aumentan la energ\u00eda.\",\"breadcrumb\":{\"@id\":\"https:\\\/\\\/the-office-spa.nl\\\/masaje-en-silla-en-amsterdam\\\/#breadcrumb\"},\"inLanguage\":\"en-GB\",\"potentialAction\":[{\"@type\":\"ReadAction\",\"target\":[\"https:\\\/\\\/the-office-spa.nl\\\/masaje-en-silla-en-amsterdam\\\/\"]}]},{\"@type\":\"ImageObject\",\"inLanguage\":\"en-GB\",\"@id\":\"https:\\\/\\\/the-office-spa.nl\\\/masaje-en-silla-en-amsterdam\\\/#primaryimage\",\"url\":\"https:\\\/\\\/the-office-spa.nl\\\/wp-content\\\/uploads\\\/2023\\\/02\\\/stoelmassage-PVH-2-768x1024.jpg\",\"contentUrl\":\"https:\\\/\\\/the-office-spa.nl\\\/wp-content\\\/uploads\\\/2023\\\/02\\\/stoelmassage-PVH-2-768x1024.jpg\"},{\"@type\":\"BreadcrumbList\",\"@id\":\"https:\\\/\\\/the-office-spa.nl\\\/masaje-en-silla-en-amsterdam\\\/#breadcrumb\",\"itemListElement\":[{\"@type\":\"ListItem\",\"position\":1,\"name\":\"Home\",\"item\":\"https:\\\/\\\/the-office-spa.nl\\\/\"},{\"@type\":\"ListItem\",\"position\":2,\"name\":\"Masaje en silla en \u00c1msterdam &#8211; Espa\u00f1ol\"}]},{\"@type\":\"WebSite\",\"@id\":\"https:\\\/\\\/the-office-spa.nl\\\/#website\",\"url\":\"https:\\\/\\\/the-office-spa.nl\\\/\",\"name\":\"The Office Spa Stoelmassage Amsterdam\",\"description\":\"\",\"publisher\":{\"@id\":\"https:\\\/\\\/the-office-spa.nl\\\/#organization\"},\"potentialAction\":[{\"@type\":\"SearchAction\",\"target\":{\"@type\":\"EntryPoint\",\"urlTemplate\":\"https:\\\/\\\/the-office-spa.nl\\\/?s={search_term_string}\"},\"query-input\":{\"@type\":\"PropertyValueSpecification\",\"valueRequired\":true,\"valueName\":\"search_term_string\"}}],\"inLanguage\":\"en-GB\"},{\"@type\":\"Organization\",\"@id\":\"https:\\\/\\\/the-office-spa.nl\\\/#organization\",\"name\":\"The Office Spa Stoelmassage Amsterdam\",\"url\":\"https:\\\/\\\/the-office-spa.nl\\\/\",\"logo\":{\"@type\":\"ImageObject\",\"inLanguage\":\"en-GB\",\"@id\":\"https:\\\/\\\/the-office-spa.nl\\\/#\\\/schema\\\/logo\\\/image\\\/\",\"url\":\"https:\\\/\\\/the-office-spa.nl\\\/wp-content\\\/uploads\\\/2023\\\/01\\\/stoelmassage-amsterdam-bedrijven-evenementen-70-.png\",\"contentUrl\":\"https:\\\/\\\/the-office-spa.nl\\\/wp-content\\\/uploads\\\/2023\\\/01\\\/stoelmassage-amsterdam-bedrijven-evenementen-70-.png\",\"width\":70,\"height\":70,\"caption\":\"The Office Spa Stoelmassage Amsterdam\"},\"image\":{\"@id\":\"https:\\\/\\\/the-office-spa.nl\\\/#\\\/schema\\\/logo\\\/image\\\/\"},\"sameAs\":[\"https:\\\/\\\/www.linkedin.com\\\/company\\\/theofficespabedrijfsmassageamsterdam\"]}]}<\/script>\n<!-- \/ Yoast SEO plugin. -->","yoast_head_json":{"title":"masaje en silla en Amsterdam","description":"Descubre el masaje en silla en \u00c1msterdam para empresas y eventos. Sesiones efectivas que reducen el estr\u00e9s y aumentan la energ\u00eda.","robots":{"index":"index","follow":"follow","max-snippet":"max-snippet:-1","max-image-preview":"max-image-preview:large","max-video-preview":"max-video-preview:-1"},"canonical":"https:\/\/the-office-spa.nl\/en\/masaje-en-silla-en-amsterdam\/","og_locale":"en_GB","og_type":"article","og_title":"masaje en silla en Amsterdam","og_description":"Descubre el masaje en silla en \u00c1msterdam para empresas y eventos. Sesiones efectivas que reducen el estr\u00e9s y aumentan la energ\u00eda.","og_url":"https:\/\/the-office-spa.nl\/en\/masaje-en-silla-en-amsterdam\/","og_site_name":"The Office Spa Stoelmassage Amsterdam","article_modified_time":"2026-02-24T20:50:32+00:00","og_image":[{"width":1512,"height":2016,"url":"https:\/\/the-office-spa.nl\/wp-content\/uploads\/2023\/02\/stoelmassage-PVH-2.jpg","type":"image\/jpeg"}],"twitter_card":"summary_large_image","twitter_misc":{"Estimated reading time":"2 minutes"},"schema":{"@context":"https:\/\/schema.org","@graph":[{"@type":"WebPage","@id":"https:\/\/the-office-spa.nl\/masaje-en-silla-en-amsterdam\/","url":"https:\/\/the-office-spa.nl\/masaje-en-silla-en-amsterdam\/","name":"masaje en silla en Amsterdam","isPartOf":{"@id":"https:\/\/the-office-spa.nl\/#website"},"primaryImageOfPage":{"@id":"https:\/\/the-office-spa.nl\/masaje-en-silla-en-amsterdam\/#primaryimage"},"image":{"@id":"https:\/\/the-office-spa.nl\/masaje-en-silla-en-amsterdam\/#primaryimage"},"thumbnailUrl":"https:\/\/the-office-spa.nl\/wp-content\/uploads\/2023\/02\/stoelmassage-PVH-2-768x1024.jpg","datePublished":"2024-01-14T14:27:18+00:00","dateModified":"2026-02-24T20:50:32+00:00","description":"Descubre el masaje en silla en \u00c1msterdam para empresas y eventos. Sesiones efectivas que reducen el estr\u00e9s y aumentan la energ\u00eda.","breadcrumb":{"@id":"https:\/\/the-office-spa.nl\/masaje-en-silla-en-amsterdam\/#breadcrumb"},"inLanguage":"en-GB","potentialAction":[{"@type":"ReadAction","target":["https:\/\/the-office-spa.nl\/masaje-en-silla-en-amsterdam\/"]}]},{"@type":"ImageObject","inLanguage":"en-GB","@id":"https:\/\/the-office-spa.nl\/masaje-en-silla-en-amsterdam\/#primaryimage","url":"https:\/\/the-office-spa.nl\/wp-content\/uploads\/2023\/02\/stoelmassage-PVH-2-768x1024.jpg","contentUrl":"https:\/\/the-office-spa.nl\/wp-content\/uploads\/2023\/02\/stoelmassage-PVH-2-768x1024.jpg"},{"@type":"BreadcrumbList","@id":"https:\/\/the-office-spa.nl\/masaje-en-silla-en-amsterdam\/#breadcrumb","itemListElement":[{"@type":"ListItem","position":1,"name":"Home","item":"https:\/\/the-office-spa.nl\/"},{"@type":"ListItem","position":2,"name":"Masaje en silla en \u00c1msterdam &#8211; Espa\u00f1ol"}]},{"@type":"WebSite","@id":"https:\/\/the-office-spa.nl\/#website","url":"https:\/\/the-office-spa.nl\/","name":"The Office Spa Stoelmassage Amsterdam","description":"","publisher":{"@id":"https:\/\/the-office-spa.nl\/#organization"},"potentialAction":[{"@type":"SearchAction","target":{"@type":"EntryPoint","urlTemplate":"https:\/\/the-office-spa.nl\/?s={search_term_string}"},"query-input":{"@type":"PropertyValueSpecification","valueRequired":true,"valueName":"search_term_string"}}],"inLanguage":"en-GB"},{"@type":"Organization","@id":"https:\/\/the-office-spa.nl\/#organization","name":"The Office Spa Stoelmassage Amsterdam","url":"https:\/\/the-office-spa.nl\/","logo":{"@type":"ImageObject","inLanguage":"en-GB","@id":"https:\/\/the-office-spa.nl\/#\/schema\/logo\/image\/","url":"https:\/\/the-office-spa.nl\/wp-content\/uploads\/2023\/01\/stoelmassage-amsterdam-bedrijven-evenementen-70-.png","contentUrl":"https:\/\/the-office-spa.nl\/wp-content\/uploads\/2023\/01\/stoelmassage-amsterdam-bedrijven-evenementen-70-.png","width":70,"height":70,"caption":"The Office Spa Stoelmassage Amsterdam"},"image":{"@id":"https:\/\/the-office-spa.nl\/#\/schema\/logo\/image\/"},"sameAs":["https:\/\/www.linkedin.com\/company\/theofficespabedrijfsmassageamsterdam"]}]}},"_links":{"self":[{"href":"https:\/\/the-office-spa.nl\/en\/wp-json\/wp\/v2\/pages\/1087","targetHints":{"allow":["GET"]}}],"collection":[{"href":"https:\/\/the-office-spa.nl\/en\/wp-json\/wp\/v2\/pages"}],"about":[{"href":"https:\/\/the-office-spa.nl\/en\/wp-json\/wp\/v2\/types\/page"}],"author":[{"embeddable":true,"href":"https:\/\/the-office-spa.nl\/en\/wp-json\/wp\/v2\/users\/3"}],"replies":[{"embeddable":true,"href":"https:\/\/the-office-spa.nl\/en\/wp-json\/wp\/v2\/comments?post=1087"}],"version-history":[{"count":1,"href":"https:\/\/the-office-spa.nl\/en\/wp-json\/wp\/v2\/pages\/1087\/revisions"}],"predecessor-version":[{"id":1389,"href":"https:\/\/the-office-spa.nl\/en\/wp-json\/wp\/v2\/pages\/1087\/revisions\/1389"}],"wp:attachment":[{"href":"https:\/\/the-office-spa.nl\/en\/wp-json\/wp\/v2\/media?parent=1087"}],"curies":[{"name":"wp","href":"https:\/\/api.w.org\/{rel}","templated":true}]}}